{"id":42402,"date":"2022-08-08T14:53:43","date_gmt":"2022-08-08T12:53:43","guid":{"rendered":"https:\/\/test.sp-ps.ch\/contact\/"},"modified":"2022-10-03T14:57:12","modified_gmt":"2022-10-03T12:57:12","slug":"contact","status":"publish","type":"page","link":"https:\/\/spbielbienneseeland.ch\/fr\/contact\/","title":{"rendered":"Contact"},"content":{"rendered":"\t\t<div data-elementor-type=\"wp-page\" data-elementor-id=\"42402\" class=\"elementor elementor-42402 elementor-42383\" data-elementor-post-type=\"page\">\n\t\t\t\t\t\t<section class=\"elementor-section elementor-top-section elementor-element elementor-element-fe898c2 elementor-section-boxed elementor-section-height-default elementor-section-height-default\" data-id=\"fe898c2\" data-element_type=\"section\" data-settings=\"{&quot;jet_parallax_layout_list&quot;:[],&quot;background_background&quot;:&quot;classic&quot;}\">\n\t\t\t\t\t\t<div class=\"elementor-container elementor-column-gap-wide\">\n\t\t\t\t\t<div class=\"elementor-column elementor-col-100 elementor-top-column elementor-element elementor-element-705ffec0\" data-id=\"705ffec0\" data-element_type=\"column\">\n\t\t\t<div class=\"elementor-widget-wrap elementor-element-populated\">\n\t\t\t\t\t\t<div class=\"elementor-element elementor-element-4daa528e elementor-widget elementor-widget-heading\" data-id=\"4daa528e\" data-element_type=\"widget\" data-widget_type=\"heading.default\">\n\t\t\t\t<div class=\"elementor-widget-container\">\n\t\t\t\t\t<h1 class=\"elementor-heading-title elementor-size-default\">Contact<\/h1>\t\t\t\t<\/div>\n\t\t\t\t<\/div>\n\t\t\n\t\t<div class=\"elementor-element elementor-element-5491301 elementor-widget elementor-widget-jet-breadcrumbs\" data-id=\"5491301\" data-element_type=\"widget\" data-widget_type=\"jet-breadcrumbs.default\">\n\t\t\t\t<div class=\"elementor-widget-container\">\n\t\t\t\t\t<div class=\"elementor-jet-breadcrumbs jet-blocks\">\n\t\t<div class=\"jet-breadcrumbs\">\n\t\t<div class=\"jet-breadcrumbs__content\">\n\t\t<div class=\"jet-breadcrumbs__wrap\">\n\t\t<\/div>\n\t\t<\/div>\n\t\t<\/div><\/div>\t\t\t\t<\/div>\n\t\t\t\t<\/div>\n\t\t\t\t<div class=\"elementor-element elementor-element-5e4d5320 elementor-widget elementor-widget-text-editor\" data-id=\"5e4d5320\" data-element_type=\"widget\" data-widget_type=\"text-editor.default\">\n\t\t\t\t<div class=\"elementor-widget-container\">\n\t\t\t\t\t\t\t\t\t<p>N&#8217;h\u00e9sitez pas \u00e0 prendre contact avec nous.<\/p>\n\t\t\t\t\t\t\t\t<\/div>\n\t\t\t\t<\/div>\n\t\t\t\t<div class=\"elementor-element elementor-element-de447bf elementor-widget elementor-widget-spps_button\" data-id=\"de447bf\" data-element_type=\"widget\" data-widget_type=\"spps_button.default\">\n\t\t\t\t<div class=\"elementor-widget-container\">\n\t\t\t\t\t<div class=\"button-wrapper button-wrapper-left\"><a href=\"https:\/\/goo.gl\/maps\/J5VXpEhmhzJEMrFD8\"  target=\"_blank\" class=\"button-link button-link-default\" >Ouvrir le plan de situation<\/a><\/div>\t\t\t\t<\/div>\n\t\t\t\t<\/div>\n\t\t\t\t\t<\/div>\n\t\t<\/div>\n\t\t\t\t\t<\/div>\n\t\t<\/section>\n\t\t\t\t<section class=\"elementor-section elementor-top-section elementor-element elementor-element-fc96483 elementor-section-boxed elementor-section-height-default elementor-section-height-default\" data-id=\"fc96483\" data-element_type=\"section\" data-settings=\"{&quot;jet_parallax_layout_list&quot;:[]}\">\n\t\t\t\t\t\t<div class=\"elementor-container elementor-column-gap-wide\">\n\t\t\t\t\t<div class=\"elementor-column elementor-col-100 elementor-top-column elementor-element elementor-element-ea27fd5\" data-id=\"ea27fd5\" data-element_type=\"column\">\n\t\t\t<div class=\"elementor-widget-wrap elementor-element-populated\">\n\t\t\t\t\t\t<div class=\"elementor-element elementor-element-090d541 elementor-widget elementor-widget-spps_button_list\" data-id=\"090d541\" data-element_type=\"widget\" data-widget_type=\"spps_button_list.default\">\n\t\t\t\t<div class=\"elementor-widget-container\">\n\t\t\t\t\t<div class=\"button-list-wrapper wrapper-spacing-default  \"><div class=\"button-list-title\"><h2>Contact<\/h2><\/div><div class=\"button-list-container\"><div class=\"button-list-text\"><p>Parti socialiste suisse<br \/>\nSecr\u00e9tariat central<br \/>\nTheaterplatz 4<br \/>\nCase postale<br \/>\n3001 Berne<\/p>\n<\/div><div class=\"button-list-items\"><div class=\"button-list-item\"><div class=\"button-wrapper \"><a href=\"mailto:info@pssuisse.ch\"  target=\"_self\" class=\"button-link button-link-default\" >Courriel<span class=\"button-media-date\">20.04.2026<\/span><\/a><\/div><\/div><div class=\"button-list-item\"><div class=\"button-wrapper \"><a href=\"tel:0313296969\"  target=\"_self\" class=\"button-link button-link-default\" >031 329 69 69<span class=\"button-media-date\">20.04.2026<\/span><\/a><\/div><\/div><\/div><\/div><\/div>\t\t\t\t<\/div>\n\t\t\t\t<\/div>\n\t\t\t\t<div class=\"elementor-element elementor-element-a65d7b5 elementor-widget elementor-widget-spps_title_text\" data-id=\"a65d7b5\" data-element_type=\"widget\" data-widget_type=\"spps_title_text.default\">\n\t\t\t\t<div class=\"elementor-widget-container\">\n\t\t\t\t\t<div class=\"title-text-wrapper wrapper-spacing-small\"><div class=\"title-text-title\"><h3>Contact form<\/h3><\/div><div class=\"title-text-container\"><div class=\"title-text-text\"><p>Si vous souhaitez nous contacter par voie \u00e9lectronique, merci de remplir tous les champs suivants:<\/p>\n<\/div><\/div><\/div>\t\t\t\t<\/div>\n\t\t\t\t<\/div>\n\t\t\t\t<div class=\"elementor-element elementor-element-8c4b479 elementor-widget elementor-widget-wpforms\" data-id=\"8c4b479\" data-element_type=\"widget\" data-widget_type=\"wpforms.default\">\n\t\t\t\t<div class=\"elementor-widget-container\">\n\t\t\t\t\t<div class=\"wpforms-container wpforms-container-full\" id=\"wpforms-35140\"><form id=\"wpforms-form-35140\" class=\"wpforms-validate wpforms-form wpforms-ajax-form\" data-formid=\"35140\" method=\"post\" enctype=\"multipart\/form-data\" action=\"\/fr\/wp-json\/wp\/v2\/pages\/42402\" data-token=\"80330f00ac0f467c9f8bb6d4b73d6097\" data-token-time=\"1776699222\"><noscript class=\"wpforms-error-noscript\">Veuillez activer JavaScript dans votre navigateur pour remplir ce formulaire.<\/noscript><div class=\"wpforms-field-container\"><div id=\"wpforms-35140-field_7-container\" class=\"wpforms-field wpforms-field-name\" data-field-id=\"7\"><label class=\"wpforms-field-label\" for=\"wpforms-35140-field_7\">Absendername <span class=\"wpforms-required-label\">*<\/span><\/label><input type=\"text\" id=\"wpforms-35140-field_7\" class=\"wpforms-field-large wpforms-field-required\" name=\"wpforms[fields][7]\" required><\/div><div id=\"wpforms-35140-field_8-container\" class=\"wpforms-field wpforms-field-email\" data-field-id=\"8\"><label class=\"wpforms-field-label\" for=\"wpforms-35140-field_8\">E-Mail <span class=\"wpforms-required-label\">*<\/span><\/label><input type=\"email\" id=\"wpforms-35140-field_8\" class=\"wpforms-field-large wpforms-field-required\" name=\"wpforms[fields][8]\" spellcheck=\"false\" required><\/div><div id=\"wpforms-35140-field_36-container\" class=\"wpforms-field wpforms-field-text\" data-field-id=\"36\"><label class=\"wpforms-field-label\" for=\"wpforms-35140-field_36\">Betreff<\/label><input type=\"text\" id=\"wpforms-35140-field_36\" class=\"wpforms-field-large\" name=\"wpforms[fields][36]\" ><\/div><div id=\"wpforms-35140-field_37-container\" class=\"wpforms-field wpforms-field-textarea wpforms-full\" data-field-id=\"37\"><label class=\"wpforms-field-label\" for=\"wpforms-35140-field_37\">Nachricht<\/label><textarea id=\"wpforms-35140-field_37\" class=\"wpforms-field-medium\" name=\"wpforms[fields][37]\" ><\/textarea><\/div><\/div><!-- .wpforms-field-container --><div class=\"wpforms-submit-container\" ><input type=\"hidden\" name=\"wpforms[id]\" value=\"35140\"><input type=\"hidden\" name=\"page_title\" value=\"\"><input type=\"hidden\" name=\"page_url\" value=\"https:\/\/spbielbienneseeland.ch\/fr\/wp-json\/wp\/v2\/pages\/42402\"><input type=\"hidden\" name=\"url_referer\" value=\"\"><button type=\"submit\" name=\"wpforms[submit]\" id=\"wpforms-submit-35140\" class=\"wpforms-submit\" data-alt-text=\"Senden\u2026\" data-submit-text=\"Absenden\" aria-live=\"assertive\" value=\"wpforms-submit\">Absenden<\/button><img decoding=\"async\" src=\"https:\/\/spbielbienneseeland.ch\/wp-content\/plugins\/wpforms\/assets\/images\/submit-spin.svg\" class=\"wpforms-submit-spinner\" style=\"display: none;\" width=\"26\" height=\"26\" alt=\"Chargement en cours\"><\/div><\/form><\/div>  <!-- .wpforms-container -->\t\t\t\t<\/div>\n\t\t\t\t<\/div>\n\t\t\t\t\t<\/div>\n\t\t<\/div>\n\t\t\t\t\t<\/div>\n\t\t<\/section>\n\t\t\t\t<\/div>\n\t\t","protected":false},"excerpt":{"rendered":"<p>Contact N&#8217;h\u00e9sitez pas \u00e0 prendre contact avec nous. Ouvrir le plan de situation Contact Parti socialiste suisse Secr\u00e9tariat central Theaterplatz 4 Case postale 3001 Berne Courriel03.10.2022 &#8211; 12:57:00031 329 69 [&hellip;]<\/p>\n","protected":false},"author":1,"featured_media":0,"parent":0,"menu_order":2,"comment_status":"closed","ping_status":"closed","template":"","meta":{"footnotes":""},"class_list":["post-42402","page","type-page","status-publish","hentry"],"_links":{"self":[{"href":"https:\/\/spbielbienneseeland.ch\/fr\/wp-json\/wp\/v2\/pages\/42402","targetHints":{"allow":["GET"]}}],"collection":[{"href":"https:\/\/spbielbienneseeland.ch\/fr\/wp-json\/wp\/v2\/pages"}],"about":[{"href":"https:\/\/spbielbienneseeland.ch\/fr\/wp-json\/wp\/v2\/types\/page"}],"author":[{"embeddable":true,"href":"https:\/\/spbielbienneseeland.ch\/fr\/wp-json\/wp\/v2\/users\/1"}],"replies":[{"embeddable":true,"href":"https:\/\/spbielbienneseeland.ch\/fr\/wp-json\/wp\/v2\/comments?post=42402"}],"version-history":[{"count":2,"href":"https:\/\/spbielbienneseeland.ch\/fr\/wp-json\/wp\/v2\/pages\/42402\/revisions"}],"predecessor-version":[{"id":83794,"href":"https:\/\/spbielbienneseeland.ch\/fr\/wp-json\/wp\/v2\/pages\/42402\/revisions\/83794"}],"wp:attachment":[{"href":"https:\/\/spbielbienneseeland.ch\/fr\/wp-json\/wp\/v2\/media?parent=42402"}],"curies":[{"name":"wp","href":"https:\/\/api.w.org\/{rel}","templated":true}]}}