{"id":86949,"date":"2023-05-31T15:46:40","date_gmt":"2023-05-31T13:46:40","guid":{"rendered":"https:\/\/spbe.spschweiz.ch\/personnes\/conseil-national\/"},"modified":"2023-05-31T15:46:40","modified_gmt":"2023-05-31T13:46:40","slug":"conseil-national","status":"publish","type":"page","link":"https:\/\/spbielbienneseeland.ch\/fr\/conseil-national\/","title":{"rendered":"Conseil national"},"content":{"rendered":"\t\t<div data-elementor-type=\"wp-page\" data-elementor-id=\"86949\" class=\"elementor elementor-86949 elementor-84156\" data-elementor-post-type=\"page\">\n\t\t\t\t\t\t<section class=\"elementor-section elementor-top-section elementor-element elementor-element-157fedb elementor-section-boxed elementor-section-height-default elementor-section-height-default\" data-id=\"157fedb\" data-element_type=\"section\" data-settings=\"{&quot;jet_parallax_layout_list&quot;:[],&quot;background_background&quot;:&quot;classic&quot;}\">\n\t\t\t\t\t\t<div class=\"elementor-container elementor-column-gap-wide\">\n\t\t\t\t\t<div class=\"elementor-column elementor-col-100 elementor-top-column elementor-element elementor-element-8bba0f7\" data-id=\"8bba0f7\" data-element_type=\"column\">\n\t\t\t<div class=\"elementor-widget-wrap elementor-element-populated\">\n\t\t\t\t\t\t<div class=\"elementor-element elementor-element-d230d29 elementor-widget elementor-widget-heading\" data-id=\"d230d29\" data-element_type=\"widget\" data-widget_type=\"heading.default\">\n\t\t\t\t<div class=\"elementor-widget-container\">\n\t\t\t\t\t<h1 class=\"elementor-heading-title elementor-size-default\">Conseil national<\/h1>\t\t\t\t<\/div>\n\t\t\t\t<\/div>\n\t\t\n\t\t<div class=\"elementor-element elementor-element-de56cb0 elementor-widget elementor-widget-jet-breadcrumbs\" data-id=\"de56cb0\" data-element_type=\"widget\" data-widget_type=\"jet-breadcrumbs.default\">\n\t\t\t\t<div class=\"elementor-widget-container\">\n\t\t\t\t\t<div class=\"elementor-jet-breadcrumbs jet-blocks\">\n\t\t<div class=\"jet-breadcrumbs\">\n\t\t<div class=\"jet-breadcrumbs__content\">\n\t\t<div class=\"jet-breadcrumbs__wrap\">\n\t\t<\/div>\n\t\t<\/div>\n\t\t<\/div><\/div>\t\t\t\t<\/div>\n\t\t\t\t<\/div>\n\t\t\t\t<div class=\"elementor-element elementor-element-aaf0674 elementor-widget__width-initial elementor-widget elementor-widget-text-editor\" data-id=\"aaf0674\" data-element_type=\"widget\" data-widget_type=\"text-editor.default\">\n\t\t\t\t<div class=\"elementor-widget-container\">\n\t\t\t\t\t\t\t\t\t<p>Le canton de Berne et sa population sont repr\u00e9sent\u00e9s au Palais f\u00e9d\u00e9ral par 2 membres du Conseil des Etats et 24\u00a0conseill\u00e8res et conseillers nationaux. Le PS compte un membre du Conseil des Etats, trois conseill\u00e8res nationales et un conseiller national. Autres informations au sujet du Conseil national et du Conseil des Etats<\/p>\n\t\t\t\t\t\t\t\t<\/div>\n\t\t\t\t<\/div>\n\t\t\t\t\t<\/div>\n\t\t<\/div>\n\t\t\t\t\t<\/div>\n\t\t<\/section>\n\t\t\t\t<section class=\"elementor-section elementor-top-section elementor-element elementor-element-b04fb41 elementor-section-boxed elementor-section-height-default elementor-section-height-default\" data-id=\"b04fb41\" data-element_type=\"section\" data-settings=\"{&quot;jet_parallax_layout_list&quot;:[]}\">\n\t\t\t\t\t\t<div class=\"elementor-container elementor-column-gap-default\">\n\t\t\t\t\t<div class=\"elementor-column elementor-col-100 elementor-top-column elementor-element elementor-element-42484dc\" data-id=\"42484dc\" data-element_type=\"column\">\n\t\t\t<div class=\"elementor-widget-wrap elementor-element-populated\">\n\t\t\t\t\t\t<div class=\"elementor-element elementor-element-15f9854 elementor-widget elementor-widget-spps_person_grid\" data-id=\"15f9854\" data-element_type=\"widget\" data-widget_type=\"spps_person_grid.default\">\n\t\t\t\t<div class=\"elementor-widget-container\">\n\t\t\t\t\t<div class=\"button-list-wrapper wrapper-spacing-default\"><div class=\"button-list-container\"><p>Es wurden keine Personen gefunden.<\/p><\/div><\/div>\t\t\t\t<\/div>\n\t\t\t\t<\/div>\n\t\t\t\t\t<\/div>\n\t\t<\/div>\n\t\t\t\t\t<\/div>\n\t\t<\/section>\n\t\t\t\t<\/div>\n\t\t","protected":false},"excerpt":{"rendered":"<p>Conseil national Le canton de Berne et sa population sont repr\u00e9sent\u00e9s au Palais f\u00e9d\u00e9ral par 2 membres du Conseil des Etats et 24\u00a0conseill\u00e8res et conseillers nationaux. Le PS compte un [&hellip;]<\/p>\n","protected":false},"author":5,"featured_media":0,"parent":0,"menu_order":0,"comment_status":"closed","ping_status":"closed","template":"","meta":{"footnotes":""},"class_list":["post-86949","page","type-page","status-publish","hentry"],"_links":{"self":[{"href":"https:\/\/spbielbienneseeland.ch\/fr\/wp-json\/wp\/v2\/pages\/86949","targetHints":{"allow":["GET"]}}],"collection":[{"href":"https:\/\/spbielbienneseeland.ch\/fr\/wp-json\/wp\/v2\/pages"}],"about":[{"href":"https:\/\/spbielbienneseeland.ch\/fr\/wp-json\/wp\/v2\/types\/page"}],"author":[{"embeddable":true,"href":"https:\/\/spbielbienneseeland.ch\/fr\/wp-json\/wp\/v2\/users\/5"}],"replies":[{"embeddable":true,"href":"https:\/\/spbielbienneseeland.ch\/fr\/wp-json\/wp\/v2\/comments?post=86949"}],"version-history":[{"count":1,"href":"https:\/\/spbielbienneseeland.ch\/fr\/wp-json\/wp\/v2\/pages\/86949\/revisions"}],"predecessor-version":[{"id":86950,"href":"https:\/\/spbielbienneseeland.ch\/fr\/wp-json\/wp\/v2\/pages\/86949\/revisions\/86950"}],"wp:attachment":[{"href":"https:\/\/spbielbienneseeland.ch\/fr\/wp-json\/wp\/v2\/media?parent=86949"}],"curies":[{"name":"wp","href":"https:\/\/api.w.org\/{rel}","templated":true}]}}